{"id":18,"date":"2015-06-23T15:54:38","date_gmt":"2015-06-23T14:54:38","guid":{"rendered":"http:\/\/eurofiling.info\/portal\/?page_id=18"},"modified":"2026-03-20T08:53:35","modified_gmt":"2026-03-20T08:53:35","slug":"data-point-model","status":"publish","type":"page","link":"https:\/\/eurofiling.info\/portal\/data-point-model\/","title":{"rendered":"Data Point Model"},"content":{"rendered":"<p style=\"text-align: left;\"><strong>REFERENCES ABOUT DATA POINT MODELLING (DPM)<\/strong><\/p>\n<p style=\"text-align: left;\">Data Point Modelling is a methodology which intends to create a bridge between the functional design of a reporting framework &#8211; &#8220;the reporting templates&#8221; &#8211; and the technical design of an XBRL taxonomy. Over the years, this has resulted in the so-called &#8220;Eurofiling Taxonomy architecture&#8221; which is employed in the current taxonomies from EBA and EIOPA. The essence of this methodology consists of building a dimensional data model which is the foundation to the schemas and relationships in the Taxonomy.<\/p>\n<p><strong><a href=\"http:\/\/cen.eurofiling.info\/\" target=\"_blank\" rel=\"noopener\">\u25ba DPM canonical description and guidelines<\/a> &#8211; CEN Workshop on XBRL.<\/strong><\/p>\n<p style=\"text-align: left;\">Reference documents which have lead to a common understanding on Data Point Modelling since its inception in reverse chronological order:<\/p>\n<p><a href=\"https:\/\/2024.eurofiling.info\/\" target=\"_blank\" rel=\"noopener\">\u25ba <\/a><a href=\"https:\/\/eurofiling.info\/portal\/wp-content\/uploads\/CallForVolunteers_DPM_RewritingISO5116standard_TC68_SC9_WG5.pdf\" target=\"_blank\" rel=\"noopener\" data-wplink-edit=\"true\">Call for volunteers<\/a> for editing a full update of the International Standard ISO 5116, 36-month project, convened by the Foundation. 6 March 2026<br \/>\n<a href=\"https:\/\/2024.eurofiling.info\/\" target=\"_blank\" rel=\"noopener\">\u25ba <\/a><a href=\"https:\/\/eurofiling.info\/portal\/wp-content\/uploads\/DPM_ISO_CallForExperts_Guidance.pdf\" target=\"_blank\" rel=\"noopener\">Call for experts<\/a> to participate in ISO Technical Committee 68, Subcommittee 9, Working Group 5. Micha\u0142 Piechocki (Eurofiling). 16 June 2024<br \/>\n<a href=\"https:\/\/2024.eurofiling.info\/\" target=\"_blank\" rel=\"noopener\">\u25ba Data Point Model (DPM) at 29th Eurofiling Conference<\/a>. Juan Alberto S\u00e1nchez, Fernando Wagener (ECB). Meri Rimmanen (EBA). Aitor Azcoaga (EIOPA). Karla McKenna, Micha\u0142 Piechocki, Derek De Brandt (Eurofiling). Johannes Dembach (Consultant). June 2024<br \/>\n<a href=\"https:\/\/www.eba.europa.eu\/publications-and-media\/press-releases\/eba-eiopa-and-ecb-set-joint-governance-framework-collaboration-dpm-20-standard\" target=\"_blank\" rel=\"noopener\">\u25ba Press Release<\/a>. EBA, EIOPA and ECB set up a joint governance framework for the collaboration on the DPM 2.0 standard. 16 April 2024<br \/>\n<a href=\"https:\/\/www.youtube.com\/watch?v=HHB5YBW-ZDM&amp;authuser=0\" target=\"_blank\" rel=\"noopener\">\u25ba <\/a><a href=\"https:\/\/www.ecb.europa.eu\/pub\/pdf\/other\/ecb.mou240319~15513e731e.en.pdf\" target=\"_blank\" rel=\"noopener\">Memorandum of Understanding (MoU)<\/a> on the establishment of a common Data oint Model (DPM) governance framework \u2013 \u201cDPM Alliance\u201d between the European Banking Authority, the European Central Bank and\u00a0the European Insurance and Occupational Pensions Authority. 19 March 2024<br \/>\n<a href=\"https:\/\/2023.eurofiling.info\/\" target=\"_blank\" rel=\"noopener\">\u25ba Data Point Model (DPM) at 28th Eurofiling Conference<\/a>. Juan Alberto S\u00e1nchez (ECB). Carlos Martins (EBA). Aitor Azcoaga (EIOPA). June 2023<a href=\"https:\/\/www.youtube.com\/watch?v=HHB5YBW-ZDM&amp;authuser=0\" target=\"_blank\" rel=\"noopener\"><br \/>\n<\/a><a href=\"https:\/\/2022.eurofiling.info\/\" target=\"_blank\" rel=\"noopener\">\u25ba Data Point Model (DPM) at 27th Eurofiling Conference<\/a>. Meri Rimmanen, Carlos Martins (EBA). Daniel P\u00e9rez, Aitor Azcoaga (EIOPA). Juan Alberto S\u00e1nchez (ECB). Simon O\u2019Connor (CBI). Paul Hulst (DNB). Laura Mart\u00ednez (BdE). Micha\u0142 Piechocki (Eurofiling). Herm Fischer, Bartosz Ochocki. Micha\u0142 Skopowski, Antonio Olleros (Consultants). December 2022<br \/>\n<a href=\"https:\/\/www.iso.org\/standard\/80873.html\" target=\"_blank\" rel=\"noopener\">\u25ba ISO 5116-1<\/a>\u00a0European data point methodology for supervisory reporting.\u00a0<a href=\"https:\/\/www.iso.org\/standard\/80944.html\" target=\"_blank\" rel=\"noopener\">ISO 5116-2<\/a>\u00a0Guidelines for data point modelling.\u00a0<a href=\"https:\/\/www.iso.org\/standard\/80945.html\" target=\"_blank\" rel=\"noopener\">ISO 5116-3<\/a> Mapping between DPM and MDM. Ignacio Boixo, Ignacio Santos, editors, 2021<br \/>\n<a href=\"https:\/\/youtu.be\/3KNaNmWn5Uc\" target=\"_blank\" rel=\"noopener\">\u25ba DPM as ISO standard.<\/a>\u00a0 Karla McKenna, 2020<br \/>\n<a href=\"https:\/\/2020.eurofiling.info\/data-point-model-oct-22\" target=\"_blank\" rel=\"noopener\">\u25ba The Data Point Methodology for Supervisory Reporting.<\/a>\u00a0 Event, several speakers, 2020<br \/>\n<a href=\"http:\/\/2019.eurofiling.info\/wp-content\/uploads\/2019-06-18_MarelWlodarczak_BRAG.pdf\" target=\"_blank\" rel=\"noopener\">\u25ba Potential Data Point Model Enhancement.<\/a>\u00a0 Tomasz \u015alubowski, Marek Wlodarczak, 2019<br \/>\n<a href=\"http:\/\/eurofiling.info\/2018\/tutorials-2\/widening-horizons-for-data-point-modelling\/\" target=\"_blank\" rel=\"noopener\">\u25ba Widening horizons for Data Point Modelling.<\/a>\u00a0 Michal Skopowski, Marek Wlodarczak, 2018<br \/>\n<a href=\"https:\/\/eurofiling.info\/portal\/wp-content\/uploads\/ConsolidationLevelsOfFinancialStatementsOptionsAccordingToXBRLDimensionalSpecificitiesAndFilingRules.pdf\" target=\"_blank\" rel=\"noopener\">\u25ba Consolidation levels of financial statements: Options according to XBRL dimensional specificities and filing rules<\/a> (and <a href=\"http:\/\/academy2017.openfiling.info\/wp-content\/uploads\/08-Boixo-ConsolidationLevels.pdf\" target=\"_blank\" rel=\"noopener\">presentation<\/a>). Ignacio Boixo, Ignacio Santos, 2017<br \/>\n<a href=\"http:\/\/eurofiling.info\/201606\/AcademicTrack\/14_MappingBetweenFormulasXBRLMultidimensionalDataModel.pdf\" target=\"_blank\" rel=\"noopener\">\u25ba Mapping between the formulas\u00a0XBRL and the Multidimensional\u00a0Data Model.<\/a>\u00a0 Ignacio Santos, 2016<br \/>\n<a href=\"http:\/\/eurofiling.info\/201506\/presentations\/20150601IntroductionDPM.pdf\" target=\"_blank\" rel=\"noopener\">\u25ba Introduction to DPM<\/a> Marek Wlodarczak. June 2015<br \/>\n<a href=\"http:\/\/eurofiling.info\/201506\/presentations\/20150603DPMArchitectNCAs.pdf\" target=\"_blank\" rel=\"noopener\">\u25ba DPM Architect for NCAs: extending \/ creating taxonomies and validation rules<\/a> V\u00edctor Morilla. June 2015<br \/>\n<a href=\"http:\/\/eurofiling.info\/201506\/presentations\/20150603ValidationDPM.pdf\">\u25ba Validation of the DPM and database implementation<\/a> Ignacio Santos, Abel Nieto-Cano. June 2015<br \/>\n<a href=\"http:\/\/eurofiling.info\/201411\/presentations\/20141126DPMAsISOStandardMichalPiechocki.pdf\" target=\"_blank\" rel=\"noopener\">\u25ba DPM as ISO standard<\/a> Michal Piechocki. November 2014<br \/>\n<a href=\"http:\/\/www.openfiling.info\/academy\/\">\u25ba Openfiling Academy: Formal Validation of Data Point Models<\/a><br \/>\n<a href=\"http:\/\/eurofiling.info\/finrepTaxonomy\/DPM-Formal-Model.pdf\" target=\"_blank\" rel=\"noopener\">\u25ba Abstract description of the model represented in taxonomies following the DPM approach<\/a>. December 2012<br \/>\n<a href=\"http:\/\/eurofiling.info\/finrepTaxonomy\/EBA-DPM-XBRL-Mapping.pdf\" target=\"_blank\" rel=\"noopener\">\u25ba Representation in XBRL of the Data Point Model<\/a>. December 2012<br \/>\n<a href=\"http:\/\/youtu.be\/A5QddjxJ0iE\" target=\"_blank\" rel=\"noopener\">\u25ba EIOPA&#8217;s webinar presenting the Solvency II DPM Annotated Templates<\/a> and <a href=\"http:\/\/www.eurofiling.info\/solvencyII\/2012-10-19%20EIOPA%20XBRL%20Webinar%20Seminar.pdf\" target=\"_blank\" rel=\"noopener\"> slides of the webinar<\/a>. October 2012<br \/>\n<a href=\"http:\/\/www.eurofiling.info\/data\/documents\/iBR_AUG12_DPM.pdf\" target=\"_blank\" rel=\"noopener\">\u25ba Supervising Models: XBRL and Data Point Modelling<\/a>. Michal Piechocki. iBR vol 02, issue 03, August 2012, pages 16-29<br \/>\n<a href=\"http:\/\/www.eurofiling.info\/15th_workshop\/presentations\/RenataFiedura-ExGen.pdf\" target=\"_blank\" rel=\"noopener\">\u25ba Data Point Modeler &amp; Taxonomy Generator<\/a>. Renata Fiedura. June 2012<br \/>\n<a href=\"http:\/\/www.eurofiling.info\/15th_workshop\/presentations\/VictorMorillaBorjaRoig-DPMArchitect.pptx\" target=\"_blank\" rel=\"noopener\">\u25ba DPM Architect for XBRL: Computer Aided Design of Financial Models<\/a>. Borja Roig, V\u00edctor Morilla. June 2012<br \/>\n<a href=\"http:\/\/www.eurofiling.info\/15th_workshop\/presentations\/MariaMora-IntegratedReporting.pptx\" target=\"_blank\" rel=\"noopener\">\u25ba Practical use of Dimensions, Formulae and Data Point Modelling in Integrated Reporting Taxonomy (IS-FESG)<\/a>. Mar\u00eda Mora. June 2012<br \/>\n<a href=\"http:\/\/www.eurofiling.info\/15th_workshop\/presentations\/AnselmoDiaz-Welcome.pdf\" target=\"_blank\" rel=\"noopener\">\u25ba Proposal for an international Data Point Methodology<\/a> Anselmo Diaz. May 2012<br \/>\n<a href=\"http:\/\/www.eurofiling.info\/15th_workshop\/presentations\/AndreasWeller-Roadmap.pptx\" target=\"_blank\" rel=\"noopener\">\u25ba European Banking Authority Roadmap for the implementation of the new COREP and FINREP in XBRL<\/a>. Andreas Weller (EBA). May 2012<br \/>\n<a href=\"http:\/\/www.eurofiling.info\/15th_workshop\/presentations\/EricJarry-XBRLSolvencyIIApproach.ppt\" target=\"_blank\" rel=\"noopener\">\u25ba Insurance and Solvency II approach in XBRL<\/a>. Eric Jarry (BdF). May 2012<br \/>\n<a href=\"http:\/\/www.eurofiling.info\/documents\/DataPointModelMethodologyIB.pdf\" target=\"_blank\" rel=\"noopener\">\u25ba Paper: The Data Point Model methodology in the European Supervision: COREP\/FINREP<\/a>. Ignacio Boixo, May 2012<br \/>\n<a href=\"http:\/\/www.uhu.es\/ijdar\/10.4192\/1577-8517-v12_3\" target=\"_blank\" rel=\"noopener\">\u25ba Paper: XBRL and Integrated Reporting. The Spanish Accounting Association Taxonomy approach<\/a>. Javi Mora, Mar\u00eda Mora. May 2012<br \/>\n<a href=\"http:\/\/archive.xbrl.org\/24th\/sites\/24thconference.xbrl.org\/files\/TSMT9AndreasWeller.pdf\" target=\"_blank\" rel=\"noopener\">\u25ba Eurofilings &#8211; Modeling taxonomies using DPM<\/a>. Andreas Weller, EBA. March 2012<br \/>\n<a href=\"http:\/\/archive.xbrl.org\/24th\/sites\/24thconference.xbrl.org\/files\/TSMT10EricJarry.pdf\" target=\"_blank\" rel=\"noopener\">\u25ba EIOPA methodology for architecting the taxonomies<\/a>. Eric Jarry, EIOPA, ACP &#8211; Bank of France. March 2012<br \/>\n<a href=\"http:\/\/www.openfiling.info\/exgen\/\" target=\"_blank\" rel=\"noopener\">\u25ba Data Modeler: ExcelXbrlGen (Excel add in, Open source)<\/a>. July 2011<br \/>\n<a href=\"http:\/\/www.eurofiling.info\/documents\/CS-062_Data_Modelling.pdf\" target=\"_blank\" rel=\"noopener\">\u25ba Data Modelling in the EBA context<\/a>.\u00a0Introductory explanations. XBRL Operational Network. June 2011<br \/>\n<a href=\"http:\/\/www.eurofiling.info\/finrepTaxonomy\/taxonomy2012.shtml\" target=\"_blank\" rel=\"noopener\">\u25ba FINREP XBRL proof of concept release<\/a>.\u00a0Data Points Model. Bartosz Ochocki. June 2011<br \/>\n<a href=\"http:\/\/www.eurofiling.info\/14th_workshop\/presentations\/BOchocki+MSkopowski_CorepFinrepBsiMirDataModels.pdf\" target=\"_blank\" rel=\"noopener\">\u25ba COREP\/FINREP Data Model<\/a>. Bartosz Ochocki, Michal Skopowski. March 2011<br \/>\n<a href=\"http:\/\/www.eurofiling.info\/14th_workshop\/presentations\/VMorilla_EvolutionMethodologyStandardsEurofiling.ppt\" target=\"_blank\" rel=\"noopener\">\u25ba Evolution on Methodology and Standards in Eurofiling<\/a>. Victor Morilla. March 2011<br \/>\n<a href=\"http:\/\/www.eurofiling.info\/finrepTaxonomy\/taxonomy2012.shtml\" target=\"_blank\" rel=\"noopener\">\u25ba FINREP Ongoing intermediate release<\/a>.\u00a0December 2010<br \/>\n<a href=\"http:\/\/www.eurofiling.info\/corepTaxonomy\/taxonomy2012.shtml\" target=\"_blank\" rel=\"noopener\">\u25ba COREP Ongoing intermediate release<\/a>.\u00a0December 2010<br \/>\n<a href=\"http:\/\/www.eurofiling.info\/13th_workshop\/presentations\/BOchocki+MichalSkopowski_DataModel-FINREPTaxonomy.pdf\" target=\"_blank\" rel=\"noopener\">\u25ba Data Model &amp; FINREP Rev 2 Taxonomy<\/a>. Bartosz Ochocki, Michal Skopowski. November 2010<br \/>\n<a href=\"http:\/\/www.eurofiling.info\/13th_workshop\/presentations\/VMorilla_%20CommonDictionaryReleasesRendering.pptx\" target=\"_blank\" rel=\"noopener\">\u25ba Common dictionary, releases &amp; rendering<\/a>. Victor Morilla. November 2010<br \/>\n<a href=\"http:\/\/www.eurofiling.info\/corepTaxonomy\/taxonomy2012.shtml\" target=\"_blank\" rel=\"noopener\">\u25ba COREP Ongoing intermediate release<\/a>.\u00a0November 2010<br \/>\n<a href=\"http:\/\/www.eurofiling.info\/finrepTaxonomy\/taxonomy\/EFTA_20100712.pdf\" target=\"_blank\" rel=\"noopener\">\u25ba CX-105 EuroFiling Framework Taxonomy Architecture. Rev.2<\/a> July 2010<br \/>\n<a href=\"http:\/\/www.eurofiling.info\/finrepTaxonomy\/taxonomy2012.shtml\" target=\"_blank\" rel=\"noopener\">\u25ba FINREP Ongoing intermediate release<\/a>. May 2010<br \/>\n<a href=\"http:\/\/www.eurofiling.info\/12th_workshop\/presentations\/VMorilla+BOchocki_ArchitectureIssues.pptx\" target=\"_blank\" rel=\"noopener\">\u25ba FINREP COREP architectural issues<\/a>. V\u00edctor Morilla, Bartosz Ochocki. April 2010<br \/>\n<a href=\"http:\/\/www.eurofiling.info\/12th_workshop\/presentations\/IBoixo_Harmonization.ppt\" target=\"_blank\" rel=\"noopener\">\u25ba Harmonization of COREP\/FINREP frameworks: notation and best practices<\/a>. Ignacio Boixo. April 2010<br \/>\n<a href=\"http:\/\/www.eurofiling.info\/bsi-mirTaxonomies\/taxonomy.shtml\" target=\"_blank\" rel=\"noopener\">\u25ba Data Point Model and taxonomy of BSI-MIR for European System of Central Banks<\/a>. January 2010<br \/>\n<a href=\"http:\/\/www.eurofiling.info\/finrepTaxonomy\/taxonomy\/DataPointsStructureExplanatoryDocumentation20091208v02.pdf\" target=\"_blank\" rel=\"noopener\">\u25ba Data Points Structure: Explanatory Documentation<\/a>. December 2009<br \/>\n<a href=\"http:\/\/www.eurofiling.info\/finrepTaxonomy\/taxonomy\/DataPointsStructureExplanatoryDocumentation20091208v02.pdf\" target=\"_blank\" rel=\"noopener\">\u25ba Data Points Structure: Explanatory Documentation<\/a>\u00a0December 2009<br \/>\n<a href=\"http:\/\/www.eurofiling.info\/11th_workshop\/presentations\/KSchmehl+BOchocki_DataModelMatrixSchemas.ppt\" target=\"_blank\" rel=\"noopener\">\u25ba FINREP Data Model and Matrix Schemas<\/a>. Katrin Heinze, Bartosz Ochocki. November 2009<br \/>\n<a href=\"http:\/\/www.eurofiling.info\/11th_workshop\/presentations\/VMorilla_EurofilingArchitecture.pptx\" target=\"_blank\" rel=\"noopener\">\u25ba Architecture Strategy<\/a>. Victor Morilla. November 2009<br \/>\n<a href=\"http:\/\/eurofiling.info\/portal\/wp-content\/uploads\/COREP_FINREP_HarmonisationTopics_2009.pdf\" target=\"_blank\" rel=\"noopener\">\u25ba Harmonisation topics in COREP\/FINREP<\/a>. XBRL Conference Paris, June 2009<br \/>\n<a href=\"http:\/\/www.eurofiling.info\/10th_workshop\/presentations\/GPellizzariImplementingXBRLCross-borderBankingGroupEurope.ppt\" target=\"_blank\" rel=\"noopener\">\u25ba Implementing XBRL for a cross-border banking group in Europe<\/a>. Giancarlo Pellizzari (Dexia). June 2009<br \/>\n<a href=\"http:\/\/www.eurofiling.info\/data\/presentations\/9Workshop\/MRomanelliMatrixSchemaTutorial.ppt\" target=\"_blank\" rel=\"noopener\">\u25ba Tutorial on Matrix Schema<\/a> Michele Romanelli (BdI). October 2008<br \/>\n<a href=\"http:\/\/eurofiling.info\/portal\/wp-content\/uploads\/20080930_CEBS-IX_XBRLFSE-at-Fortis.pdf\" target=\"_blank\" rel=\"noopener\">\u25ba Lessons learned at pan-european Cross-border bank<\/a>. Derek De Brandt, Philippe Leys, September 2008<br \/>\n<a href=\"http:\/\/www.eurofiling.info\/corepTaxonomy\/descriptions\/readme_matrix_schema.pdf\" target=\"_blank\" rel=\"noopener\">\u25ba Matrix Schemas for COREP &amp; FINREP Templates<\/a>. Michele Romanelli, Banca de Italia<br \/>\n<a href=\"http:\/\/www.eurofiling.info\/corepTaxonomy\/descriptions\/readme_matrix_schema.pdf\" target=\"_blank\" rel=\"noopener\">\u25ba Matrix Schemas for COREP &amp; FINREP Templates (pdf)<\/a> and <a href=\"http:\/\/www.eurofiling.info\/data\/presentations\/8Workshop\/MRomanelliMatrix.ppt\" target=\"_blank\" rel=\"noopener\">introductory powerpoint.<\/a> by Michele Romanelli (BdI). November 2007<br \/>\n<a href=\"http:\/\/www.eurofiling.info\/corepTaxonomy\/descriptions\/COREP%20Matrix%20schemas%201.2.4.zip\" target=\"_blank\" rel=\"noopener\">\u25ba Matrix Schemas (contributed by Bank of Italy)<\/a>\u00a0: \u00a0<a href=\"http:\/\/www.eurofiling.info\/corepTaxonomy\/taxonomy.shtml\" target=\"_blank\" rel=\"noopener\">COREP TAXONOMY<\/a> \/ <a href=\"http:\/\/www.eurofiling.info\/finrepTaxonomy\/taxonomy.shtml\" target=\"_blank\" rel=\"noopener\">FINREP TAXONOMY<\/a><br \/>\n<a href=\"http:\/\/www.eurofiling.info\/data\/presentations\/7Workshop\/08_COREP%20Matrix%20Model_-_Michele%20Romanelli.ppt\" target=\"_blank\" rel=\"noopener\">\u25ba Matrix Schemas for COREP &amp; FINREP Templates<\/a>. Michele Romanelli (BdI). May 2007<br \/>\n<a href=\"http:\/\/www.eurofiling.info\/data\/documents\/Multidimensionality.pdf\" target=\"_blank\" rel=\"noopener\">\u25ba New Technical and Normative Challenges for XBRL: Multidimensionality in the COREP Taxonomy<\/a>. Ignacio Boixo, XBRL Spain &amp; Francisco Flores, University of Huelva. International Journal of Digital Accounting Research. Vol. 5, N. 9, June 2005, pp. 79-104<br \/>\n<a href=\"http:\/\/www.eurofiling.info\/2nd_workshop\/presentations\/ProposalCOREPMetamodel-MicheleRomanelli.zip\" target=\"_blank\" rel=\"noopener\">\u25ba Proposal for a COREP-metamodel (paper and presentation).<\/a> Michele Romanelli (BdI). April 2005.<br \/>\n<a href=\"http:\/\/www.eurofiling.info\/data\/documents\/XBRLProfile.pdf\" target=\"_blank\" rel=\"noopener\">\u25ba Proposal of an XBRL profile for common European reporting on solvency ratios<\/a>. P. Milani, F. Di Giovanni, P. Maurizi &amp; M. Romanelli, Bank of Italy. February 2005.<br \/>\n<a href=\"http:\/\/www.eurofiling.info\/1st_workshop\/presentations\/DataMatrix-FredericMarie-ArianAbbot.xls\" target=\"_blank\" rel=\"noopener\">\u25ba Data Model for Common Reporting<\/a>. Fr\u00e9d\u00e9ric Marie (BdF), Adrian Abbot (UK FSA). February 2005.<br \/>\n<a href=\"http:\/\/www.eurofiling.info\/1st_workshop\/presentations\/DataModellingCOREP-GuillermoRodriguez.ppt\" target=\"_blank\" rel=\"noopener\">\u25ba February 2005. Data Modelling COREP II<\/a>. Guillermo Rodriguez (BdE). February 2005.<\/p>\n","protected":false},"excerpt":{"rendered":"<p>REFERENCES ABOUT DATA POINT MODELLING (DPM) Data Point Modelling is a methodology which intends to create a bridge between the functional design of a reporting framework &#8211; &#8220;the reporting templates&#8221; &#8211; and the technical design of an XBRL taxonomy. Over the years, this has resulted in the so-called &#8220;Eurofiling Taxonomy architecture&#8221; which is employed in [&hellip;]<\/p>\n","protected":false},"author":1,"featured_media":0,"parent":0,"menu_order":0,"comment_status":"closed","ping_status":"closed","template":"","meta":[],"_links":{"self":[{"href":"https:\/\/eurofiling.info\/portal\/wp-json\/wp\/v2\/pages\/18"}],"collection":[{"href":"https:\/\/eurofiling.info\/portal\/wp-json\/wp\/v2\/pages"}],"about":[{"href":"https:\/\/eurofiling.info\/portal\/wp-json\/wp\/v2\/types\/page"}],"author":[{"embeddable":true,"href":"https:\/\/eurofiling.info\/portal\/wp-json\/wp\/v2\/users\/1"}],"replies":[{"embeddable":true,"href":"https:\/\/eurofiling.info\/portal\/wp-json\/wp\/v2\/comments?post=18"}],"version-history":[{"count":31,"href":"https:\/\/eurofiling.info\/portal\/wp-json\/wp\/v2\/pages\/18\/revisions"}],"predecessor-version":[{"id":2115,"href":"https:\/\/eurofiling.info\/portal\/wp-json\/wp\/v2\/pages\/18\/revisions\/2115"}],"wp:attachment":[{"href":"https:\/\/eurofiling.info\/portal\/wp-json\/wp\/v2\/media?parent=18"}],"curies":[{"name":"wp","href":"https:\/\/api.w.org\/{rel}","templated":true}]}}